{"id":29268,"date":"2024-10-25T19:16:25","date_gmt":"2024-10-25T17:16:25","guid":{"rendered":"https:\/\/ministeredelacouture.com\/home-francais\/"},"modified":"2025-11-07T12:00:42","modified_gmt":"2025-11-07T11:00:42","slug":"home-francais","status":"publish","type":"page","link":"https:\/\/ministeredelacouture.com\/fr\/","title":{"rendered":""},"content":{"rendered":"\n<div class=\"wp-block-media-text has-media-on-the-right is-stacked-on-mobile\" style=\"grid-template-columns:auto 47%\"><div class=\"wp-block-media-text__content\">\n<h1 class=\"wp-block-heading\" style=\"font-size:68px\">La couture comme r\u00e9ponse au gaspillage vestimentaire<\/h1>\n<\/div><figure class=\"wp-block-media-text__media\"><img decoding=\"async\" width=\"862\" height=\"1024\" data-src=\"https:\/\/ministeredelacouture.com\/wp-content\/uploads\/2025\/08\/patchwork_carre_couleur-862x1024.jpg\" alt=\"\" class=\"wp-image-29746 size-full lazyload\" data-srcset=\"https:\/\/ministeredelacouture.com\/wp-content\/uploads\/2025\/08\/patchwork_carre_couleur-862x1024.jpg 862w, https:\/\/ministeredelacouture.com\/wp-content\/uploads\/2025\/08\/patchwork_carre_couleur-253x300.jpg 253w, https:\/\/ministeredelacouture.com\/wp-content\/uploads\/2025\/08\/patchwork_carre_couleur-768x912.jpg 768w, https:\/\/ministeredelacouture.com\/wp-content\/uploads\/2025\/08\/patchwork_carre_couleur-1293x1536.jpg 1293w, https:\/\/ministeredelacouture.com\/wp-content\/uploads\/2025\/08\/patchwork_carre_couleur-1725x2048.jpg 1725w, https:\/\/ministeredelacouture.com\/wp-content\/uploads\/2025\/08\/patchwork_carre_couleur-10x12.jpg 10w, https:\/\/ministeredelacouture.com\/wp-content\/uploads\/2025\/08\/patchwork_carre_couleur.jpg 2000w\" data-sizes=\"(max-width: 862px) 100vw, 862px\" src=\"data:image\/svg+xml;base64,PHN2ZyB3aWR0aD0iMSIgaGVpZ2h0PSIxIiB4bWxucz0iaHR0cDovL3d3dy53My5vcmcvMjAwMC9zdmciPjwvc3ZnPg==\" style=\"--smush-placeholder-width: 862px; --smush-placeholder-aspect-ratio: 862\/1024;\" \/><\/figure><\/div>\n\n\n\n<div style=\"height:60px\" aria-hidden=\"true\" class=\"wp-block-spacer\"><\/div>\n\n\n\n<div class=\"wp-block-media-text is-stacked-on-mobile is-image-fill-element\" style=\"grid-template-columns:38% auto\"><figure class=\"wp-block-media-text__media\"><img decoding=\"async\" width=\"698\" height=\"1024\" data-src=\"https:\/\/ministeredelacouture.com\/wp-content\/uploads\/2024\/10\/lucas-favre-v8JtKauvvDk-unsplash-698x1024.jpg\" alt=\"\" class=\"wp-image-29154 size-full lazyload\" style=\"--smush-placeholder-width: 698px; --smush-placeholder-aspect-ratio: 698\/1024;object-position:54% 48%\" data-srcset=\"https:\/\/ministeredelacouture.com\/wp-content\/uploads\/2024\/10\/lucas-favre-v8JtKauvvDk-unsplash-698x1024.jpg 698w, https:\/\/ministeredelacouture.com\/wp-content\/uploads\/2024\/10\/lucas-favre-v8JtKauvvDk-unsplash-204x300.jpg 204w, https:\/\/ministeredelacouture.com\/wp-content\/uploads\/2024\/10\/lucas-favre-v8JtKauvvDk-unsplash-768x1127.jpg 768w, https:\/\/ministeredelacouture.com\/wp-content\/uploads\/2024\/10\/lucas-favre-v8JtKauvvDk-unsplash-1047x1536.jpg 1047w, https:\/\/ministeredelacouture.com\/wp-content\/uploads\/2024\/10\/lucas-favre-v8JtKauvvDk-unsplash-1396x2048.jpg 1396w, https:\/\/ministeredelacouture.com\/wp-content\/uploads\/2024\/10\/lucas-favre-v8JtKauvvDk-unsplash-scaled.jpg 1745w\" data-sizes=\"(max-width: 698px) 100vw, 698px\" src=\"data:image\/svg+xml;base64,PHN2ZyB3aWR0aD0iMSIgaGVpZ2h0PSIxIiB4bWxucz0iaHR0cDovL3d3dy53My5vcmcvMjAwMC9zdmciPjwvc3ZnPg==\" \/><\/figure><div class=\"wp-block-media-text__content\">\n<h2 class=\"wp-block-heading\">1. Cours de couture<\/h2>\n\n\n\n<p>Individuel ou entre amis, d\u00e9butant ou souhaitant approfondir ses connaissances, je vous donne tous les outils pour r\u00e9ussir les projets qui vous tiennent \u00e0 coeur :<\/p>\n\n\n\n<ul class=\"wp-block-list\">\n<li>Cours de couture<\/li>\n\n\n\n<li>Upcycling<\/li>\n\n\n\n<li>Courtepointe<\/li>\n<\/ul>\n\n\n\n<div class=\"wp-block-buttons is-layout-flex wp-block-buttons-is-layout-flex\">\n<div class=\"wp-block-button\"><a class=\"wp-block-button__link wp-element-button\" href=\"\/contact\">Contactez-moi<\/a><\/div>\n<\/div>\n<\/div><\/div>\n\n\n\n<div style=\"height:60px\" aria-hidden=\"true\" class=\"wp-block-spacer\"><\/div>\n\n\n\n<div class=\"wp-block-media-text is-stacked-on-mobile is-image-fill-element\" style=\"grid-template-columns:38% auto\"><figure class=\"wp-block-media-text__media\"><img decoding=\"async\" width=\"845\" height=\"1024\" data-src=\"https:\/\/ministeredelacouture.com\/wp-content\/uploads\/2024\/10\/couturiere_retouches-845x1024.jpg\" alt=\"Couturi\u00e8re qui r\u00e9pare un T-shirt\" class=\"wp-image-29159 size-full lazyload\" style=\"--smush-placeholder-width: 845px; --smush-placeholder-aspect-ratio: 845\/1024;object-position:60% 82%\" data-srcset=\"https:\/\/ministeredelacouture.com\/wp-content\/uploads\/2024\/10\/couturiere_retouches-845x1024.jpg 845w, https:\/\/ministeredelacouture.com\/wp-content\/uploads\/2024\/10\/couturiere_retouches-248x300.jpg 248w, https:\/\/ministeredelacouture.com\/wp-content\/uploads\/2024\/10\/couturiere_retouches-768x930.jpg 768w, https:\/\/ministeredelacouture.com\/wp-content\/uploads\/2024\/10\/couturiere_retouches.jpg 1211w\" data-sizes=\"(max-width: 845px) 100vw, 845px\" src=\"data:image\/svg+xml;base64,PHN2ZyB3aWR0aD0iMSIgaGVpZ2h0PSIxIiB4bWxucz0iaHR0cDovL3d3dy53My5vcmcvMjAwMC9zdmciPjwvc3ZnPg==\" \/><\/figure><div class=\"wp-block-media-text__content\">\n<h2 class=\"wp-block-heading\">2. Retouches et r\u00e9parations<\/h2>\n\n\n\n<p>Un pantalon trop long, une taille trop large, une d\u00e9chirure dans un tissu, ou encore un trou dans un pull ?<\/p>\n\n\n\n<p>Prends un rendez-vous \u00e0 mon atelier pour que je m&rsquo;en occupe.<\/p>\n\n\n\n<div class=\"wp-block-buttons is-layout-flex wp-block-buttons-is-layout-flex\">\n<div class=\"wp-block-button\"><a class=\"wp-block-button__link wp-element-button\" href=\"\/contact\">Contactez-moi<\/a><\/div>\n<\/div>\n\n\n\n<p><em>Tu peux aussi participer \u00e0 un atelier pour apprendre les techniques de base pour r\u00e9parer tes v\u00eatements. Dates \u00e0 venir.<\/em><\/p>\n<\/div><\/div>\n\n\n\n<div style=\"height:60px\" aria-hidden=\"true\" class=\"wp-block-spacer\"><\/div>\n\n\n\n<div class=\"wp-block-media-text is-stacked-on-mobile is-image-fill-element\" style=\"grid-template-columns:38% auto\"><figure class=\"wp-block-media-text__media\"><img decoding=\"async\" width=\"614\" height=\"930\" data-src=\"https:\/\/ministeredelacouture.com\/wp-content\/uploads\/2025\/07\/Sashiko_carpe-1.png\" alt=\"\" class=\"wp-image-29677 size-full lazyload\" style=\"--smush-placeholder-width: 614px; --smush-placeholder-aspect-ratio: 614\/930;object-position:50% 50%\" data-srcset=\"https:\/\/ministeredelacouture.com\/wp-content\/uploads\/2025\/07\/Sashiko_carpe-1.png 614w, https:\/\/ministeredelacouture.com\/wp-content\/uploads\/2025\/07\/Sashiko_carpe-1-198x300.png 198w, https:\/\/ministeredelacouture.com\/wp-content\/uploads\/2025\/07\/Sashiko_carpe-1-8x12.png 8w\" data-sizes=\"(max-width: 614px) 100vw, 614px\" src=\"data:image\/svg+xml;base64,PHN2ZyB3aWR0aD0iMSIgaGVpZ2h0PSIxIiB4bWxucz0iaHR0cDovL3d3dy53My5vcmcvMjAwMC9zdmciPjwvc3ZnPg==\" \/><\/figure><div class=\"wp-block-media-text__content\">\n<h2 class=\"wp-block-heading\">3. Ateliers th\u00e9matiques<\/h2>\n\n\n\n<p>J&rsquo;offre des ateliers th\u00e9matiques pour d\u00e9couvrir ou approfondir une nouvelle technique d&rsquo;art textile : patchwork, sashiko, etc.<\/p>\n\n\n\n<div class=\"wp-block-buttons is-layout-flex wp-block-buttons-is-layout-flex\">\n<div class=\"wp-block-button\"><a class=\"wp-block-button__link wp-element-button\" href=\"\/contact\">Contactez-moi<\/a><\/div>\n<\/div>\n<\/div><\/div>\n\n\n\n<div style=\"height:60px\" aria-hidden=\"true\" class=\"wp-block-spacer\"><\/div>\n\n\n\n<div class=\"wp-block-group has-ast-global-color-4-color has-ast-global-color-2-background-color has-text-color has-background has-link-color wp-elements-c93f121ea0cab73350d0ae40f8487568 is-layout-constrained wp-block-group-is-layout-constrained\">\n<div class=\"wp-block-group is-nowrap is-layout-flex wp-container-core-group-is-layout-6c531013 wp-block-group-is-layout-flex\">\n<figure class=\"wp-block-image size-full is-resized\"><img decoding=\"async\" width=\"800\" height=\"888\" data-src=\"https:\/\/ministeredelacouture.com\/wp-content\/uploads\/2025\/07\/couturiere_article_ministere_de_la_couture.jpg\" alt=\"\" class=\"wp-image-29691 lazyload\" style=\"--smush-placeholder-width: 800px; --smush-placeholder-aspect-ratio: 800\/888;width:268px;height:auto\" data-srcset=\"https:\/\/ministeredelacouture.com\/wp-content\/uploads\/2025\/07\/couturiere_article_ministere_de_la_couture.jpg 800w, https:\/\/ministeredelacouture.com\/wp-content\/uploads\/2025\/07\/couturiere_article_ministere_de_la_couture-270x300.jpg 270w, https:\/\/ministeredelacouture.com\/wp-content\/uploads\/2025\/07\/couturiere_article_ministere_de_la_couture-768x852.jpg 768w, https:\/\/ministeredelacouture.com\/wp-content\/uploads\/2025\/07\/couturiere_article_ministere_de_la_couture-11x12.jpg 11w\" data-sizes=\"(max-width: 800px) 100vw, 800px\" src=\"data:image\/svg+xml;base64,PHN2ZyB3aWR0aD0iMSIgaGVpZ2h0PSIxIiB4bWxucz0iaHR0cDovL3d3dy53My5vcmcvMjAwMC9zdmciPjwvc3ZnPg==\" \/><\/figure>\n\n\n\n<div class=\"wp-block-group is-layout-constrained wp-block-group-is-layout-constrained\">\n<h2 class=\"wp-block-heading has-ast-global-color-4-color has-text-color has-link-color wp-elements-6a18260a10de050652e6d3083a32eb72\">Les articles \u00e0 lire pour commencer \u00e0 coudre<\/h2>\n\n\n<ul class=\"wp-block-latest-posts__list wp-block-latest-posts\"><li><a class=\"wp-block-latest-posts__post-title\" href=\"https:\/\/ministeredelacouture.com\/fr\/comment-utiliser-une-machine-a-coudre-le-guide-pratique-pour-debutants\/\">Comment utiliser une machine \u00e0 coudre : LE guide pratique pour d\u00e9butants<\/a><\/li>\n<li><a class=\"wp-block-latest-posts__post-title\" href=\"https:\/\/ministeredelacouture.com\/fr\/comment-coudre-un-biais-sur-une-couverture\/\">Comment coudre un biais sur une couverture, sans crise de larmes!<\/a><\/li>\n<li><a class=\"wp-block-latest-posts__post-title\" href=\"https:\/\/ministeredelacouture.com\/fr\/comment-coudre-un-bouton\/\">Comment coudre un bouton comme une pro<\/a><\/li>\n<li><a class=\"wp-block-latest-posts__post-title\" href=\"https:\/\/ministeredelacouture.com\/fr\/comment-reparer-un-jean-dechire-entre-les-jambes\/\">Comment r\u00e9parer un jean d\u00e9chir\u00e9 entre les jambes?<\/a><\/li>\n<li><a class=\"wp-block-latest-posts__post-title\" href=\"https:\/\/ministeredelacouture.com\/fr\/les-11-choses-a-connaitre-absolument-quand-on-apprend-a-coudre\/\">Les 11 choses \u00e0 conna\u00eetre absolument quand on apprend \u00e0 coudre<\/a><\/li>\n<\/ul><\/div>\n<\/div>\n<\/div>\n\n\n\n<p><\/p>\n\n\n\n<p><\/p>\n","protected":false},"excerpt":{"rendered":"<p>La couture comme r\u00e9ponse au gaspillage vestimentaire Les articles \u00e0 lire pour commencer \u00e0 coudre<\/p>\n","protected":false},"author":1,"featured_media":0,"parent":0,"menu_order":0,"comment_status":"closed","ping_status":"closed","template":"","meta":{"_exactmetrics_skip_tracking":false,"_exactmetrics_sitenote_active":false,"_exactmetrics_sitenote_note":"","_exactmetrics_sitenote_category":0,"site-sidebar-layout":"default","site-content-layout":"","ast-site-content-layout":"default","site-content-style":"default","site-sidebar-style":"default","ast-global-header-display":"","ast-banner-title-visibility":"","ast-main-header-display":"","ast-hfb-above-header-display":"","ast-hfb-below-header-display":"","ast-hfb-mobile-header-display":"","site-post-title":"","ast-breadcrumbs-content":"","ast-featured-img":"","footer-sml-layout":"","theme-transparent-header-meta":"","adv-header-id-meta":"","stick-header-meta":"","header-above-stick-meta":"","header-main-stick-meta":"","header-below-stick-meta":"","astra-migrate-meta-layouts":"default","ast-page-background-enabled":"default","ast-page-background-meta":{"desktop":{"background-color":"var(--ast-global-color-5)","background-image":"","background-repeat":"repeat","background-position":"center center","background-size":"auto","background-attachment":"scroll","background-type":"","background-media":"","overlay-type":"","overlay-color":"","overlay-opacity":"","overlay-gradient":""},"tablet":{"background-color":"","background-image":"","background-repeat":"repeat","background-position":"center center","background-size":"auto","background-attachment":"scroll","background-type":"","background-media":"","overlay-type":"","overlay-color":"","overlay-opacity":"","overlay-gradient":""},"mobile":{"background-color":"","background-image":"","background-repeat":"repeat","background-position":"center center","background-size":"auto","background-attachment":"scroll","background-type":"","background-media":"","overlay-type":"","overlay-color":"","overlay-opacity":"","overlay-gradient":""}},"ast-content-background-meta":{"desktop":{"background-color":"var(--ast-global-color-4)","background-image":"","background-repeat":"repeat","background-position":"center center","background-size":"auto","background-attachment":"scroll","background-type":"","background-media":"","overlay-type":"","overlay-color":"","overlay-opacity":"","overlay-gradient":""},"tablet":{"background-color":"var(--ast-global-color-4)","background-image":"","background-repeat":"repeat","background-position":"center center","background-size":"auto","background-attachment":"scroll","background-type":"","background-media":"","overlay-type":"","overlay-color":"","overlay-opacity":"","overlay-gradient":""},"mobile":{"background-color":"var(--ast-global-color-4)","background-image":"","background-repeat":"repeat","background-position":"center center","background-size":"auto","background-attachment":"scroll","background-type":"","background-media":"","overlay-type":"","overlay-color":"","overlay-opacity":"","overlay-gradient":""}},"footnotes":""},"class_list":["post-29268","page","type-page","status-publish","hentry"],"yoast_head":"<!-- This site is optimized with the Yoast SEO plugin v25.5 - https:\/\/yoast.com\/wordpress\/plugins\/seo\/ -->\n<title>-<\/title>\n<meta name=\"robots\" content=\"index, follow, max-snippet:-1, max-image-preview:large, max-video-preview:-1\" \/>\n<link rel=\"canonical\" href=\"https:\/\/ministeredelacouture.com\/fr\/\" \/>\n<meta property=\"og:locale\" content=\"fr_FR\" \/>\n<meta property=\"og:type\" content=\"article\" \/>\n<meta property=\"og:title\" content=\"-\" \/>\n<meta property=\"og:description\" content=\"La couture comme r\u00e9ponse au gaspillage vestimentaire Les articles \u00e0 lire pour commencer \u00e0 coudre\" \/>\n<meta property=\"og:url\" content=\"https:\/\/ministeredelacouture.com\/fr\/\" \/>\n<meta property=\"article:publisher\" content=\"https:\/\/www.facebook.com\/profile.php?id=61566606524712\" \/>\n<meta property=\"article:modified_time\" content=\"2025-11-07T11:00:42+00:00\" \/>\n<meta property=\"og:image\" content=\"https:\/\/ministeredelacouture.com\/wp-content\/uploads\/2025\/08\/patchwork_carre_couleur.jpg\" \/>\n\t<meta property=\"og:image:width\" content=\"2000\" \/>\n\t<meta property=\"og:image:height\" content=\"2375\" \/>\n\t<meta property=\"og:image:type\" content=\"image\/jpeg\" \/>\n<meta name=\"twitter:card\" content=\"summary_large_image\" \/>\n<meta name=\"twitter:label1\" content=\"Dur\u00e9e de lecture estim\u00e9e\" \/>\n\t<meta name=\"twitter:data1\" content=\"2 minutes\" \/>\n<script type=\"application\/ld+json\" class=\"yoast-schema-graph\">{\"@context\":\"https:\/\/schema.org\",\"@graph\":[{\"@type\":\"WebPage\",\"@id\":\"https:\/\/ministeredelacouture.com\/\",\"url\":\"https:\/\/ministeredelacouture.com\/\",\"name\":\"-\",\"isPartOf\":{\"@id\":\"https:\/\/ministeredelacouture.com\/#website\"},\"primaryImageOfPage\":{\"@id\":\"https:\/\/ministeredelacouture.com\/#primaryimage\"},\"image\":{\"@id\":\"https:\/\/ministeredelacouture.com\/#primaryimage\"},\"thumbnailUrl\":\"https:\/\/ministeredelacouture.com\/wp-content\/uploads\/2025\/08\/patchwork_carre_couleur-862x1024.jpg\",\"datePublished\":\"2024-10-25T17:16:25+00:00\",\"dateModified\":\"2025-11-07T11:00:42+00:00\",\"inLanguage\":\"fr-FR\",\"potentialAction\":[{\"@type\":\"ReadAction\",\"target\":[\"https:\/\/ministeredelacouture.com\/\"]}]},{\"@type\":\"ImageObject\",\"inLanguage\":\"fr-FR\",\"@id\":\"https:\/\/ministeredelacouture.com\/#primaryimage\",\"url\":\"https:\/\/ministeredelacouture.com\/wp-content\/uploads\/2025\/08\/patchwork_carre_couleur-862x1024.jpg\",\"contentUrl\":\"https:\/\/ministeredelacouture.com\/wp-content\/uploads\/2025\/08\/patchwork_carre_couleur-862x1024.jpg\"},{\"@type\":\"WebSite\",\"@id\":\"https:\/\/ministeredelacouture.com\/#website\",\"url\":\"https:\/\/ministeredelacouture.com\/\",\"name\":\"Minist\u00e8re de la couture\",\"description\":\"Repensez sa relation avec ses v\u00eatements\",\"publisher\":{\"@id\":\"https:\/\/ministeredelacouture.com\/#organization\"},\"potentialAction\":[{\"@type\":\"SearchAction\",\"target\":{\"@type\":\"EntryPoint\",\"urlTemplate\":\"https:\/\/ministeredelacouture.com\/?s={search_term_string}\"},\"query-input\":{\"@type\":\"PropertyValueSpecification\",\"valueRequired\":true,\"valueName\":\"search_term_string\"}}],\"inLanguage\":\"fr-FR\"},{\"@type\":\"Organization\",\"@id\":\"https:\/\/ministeredelacouture.com\/#organization\",\"name\":\"Minist\u00e8re de la couture\",\"url\":\"https:\/\/ministeredelacouture.com\/\",\"logo\":{\"@type\":\"ImageObject\",\"inLanguage\":\"fr-FR\",\"@id\":\"https:\/\/ministeredelacouture.com\/#\/schema\/logo\/image\/\",\"url\":\"https:\/\/i0.wp.com\/ministeredelacouture.com\/wp-content\/uploads\/2024\/10\/ministeredelacouture_site-2.png?fit=760%2C470&ssl=1\",\"contentUrl\":\"https:\/\/i0.wp.com\/ministeredelacouture.com\/wp-content\/uploads\/2024\/10\/ministeredelacouture_site-2.png?fit=760%2C470&ssl=1\",\"width\":760,\"height\":470,\"caption\":\"Minist\u00e8re de la couture\"},\"image\":{\"@id\":\"https:\/\/ministeredelacouture.com\/#\/schema\/logo\/image\/\"},\"sameAs\":[\"https:\/\/www.facebook.com\/profile.php?id=61566606524712\",\"https:\/\/www.instagram.com\/ministeredelacouture\/\"]}]}<\/script>\n<!-- \/ Yoast SEO plugin. -->","yoast_head_json":{"title":"-","robots":{"index":"index","follow":"follow","max-snippet":"max-snippet:-1","max-image-preview":"max-image-preview:large","max-video-preview":"max-video-preview:-1"},"canonical":"https:\/\/ministeredelacouture.com\/fr\/","og_locale":"fr_FR","og_type":"article","og_title":"-","og_description":"La couture comme r\u00e9ponse au gaspillage vestimentaire Les articles \u00e0 lire pour commencer \u00e0 coudre","og_url":"https:\/\/ministeredelacouture.com\/fr\/","article_publisher":"https:\/\/www.facebook.com\/profile.php?id=61566606524712","article_modified_time":"2025-11-07T11:00:42+00:00","og_image":[{"width":2000,"height":2375,"url":"https:\/\/ministeredelacouture.com\/wp-content\/uploads\/2025\/08\/patchwork_carre_couleur.jpg","type":"image\/jpeg"}],"twitter_card":"summary_large_image","twitter_misc":{"Dur\u00e9e de lecture estim\u00e9e":"2 minutes"},"schema":{"@context":"https:\/\/schema.org","@graph":[{"@type":"WebPage","@id":"https:\/\/ministeredelacouture.com\/","url":"https:\/\/ministeredelacouture.com\/","name":"-","isPartOf":{"@id":"https:\/\/ministeredelacouture.com\/#website"},"primaryImageOfPage":{"@id":"https:\/\/ministeredelacouture.com\/#primaryimage"},"image":{"@id":"https:\/\/ministeredelacouture.com\/#primaryimage"},"thumbnailUrl":"https:\/\/ministeredelacouture.com\/wp-content\/uploads\/2025\/08\/patchwork_carre_couleur-862x1024.jpg","datePublished":"2024-10-25T17:16:25+00:00","dateModified":"2025-11-07T11:00:42+00:00","inLanguage":"fr-FR","potentialAction":[{"@type":"ReadAction","target":["https:\/\/ministeredelacouture.com\/"]}]},{"@type":"ImageObject","inLanguage":"fr-FR","@id":"https:\/\/ministeredelacouture.com\/#primaryimage","url":"https:\/\/ministeredelacouture.com\/wp-content\/uploads\/2025\/08\/patchwork_carre_couleur-862x1024.jpg","contentUrl":"https:\/\/ministeredelacouture.com\/wp-content\/uploads\/2025\/08\/patchwork_carre_couleur-862x1024.jpg"},{"@type":"WebSite","@id":"https:\/\/ministeredelacouture.com\/#website","url":"https:\/\/ministeredelacouture.com\/","name":"Minist\u00e8re de la couture","description":"Repensez sa relation avec ses v\u00eatements","publisher":{"@id":"https:\/\/ministeredelacouture.com\/#organization"},"potentialAction":[{"@type":"SearchAction","target":{"@type":"EntryPoint","urlTemplate":"https:\/\/ministeredelacouture.com\/?s={search_term_string}"},"query-input":{"@type":"PropertyValueSpecification","valueRequired":true,"valueName":"search_term_string"}}],"inLanguage":"fr-FR"},{"@type":"Organization","@id":"https:\/\/ministeredelacouture.com\/#organization","name":"Minist\u00e8re de la couture","url":"https:\/\/ministeredelacouture.com\/","logo":{"@type":"ImageObject","inLanguage":"fr-FR","@id":"https:\/\/ministeredelacouture.com\/#\/schema\/logo\/image\/","url":"https:\/\/i0.wp.com\/ministeredelacouture.com\/wp-content\/uploads\/2024\/10\/ministeredelacouture_site-2.png?fit=760%2C470&ssl=1","contentUrl":"https:\/\/i0.wp.com\/ministeredelacouture.com\/wp-content\/uploads\/2024\/10\/ministeredelacouture_site-2.png?fit=760%2C470&ssl=1","width":760,"height":470,"caption":"Minist\u00e8re de la couture"},"image":{"@id":"https:\/\/ministeredelacouture.com\/#\/schema\/logo\/image\/"},"sameAs":["https:\/\/www.facebook.com\/profile.php?id=61566606524712","https:\/\/www.instagram.com\/ministeredelacouture\/"]}]}},"_links":{"self":[{"href":"https:\/\/ministeredelacouture.com\/fr\/wp-json\/wp\/v2\/pages\/29268","targetHints":{"allow":["GET"]}}],"collection":[{"href":"https:\/\/ministeredelacouture.com\/fr\/wp-json\/wp\/v2\/pages"}],"about":[{"href":"https:\/\/ministeredelacouture.com\/fr\/wp-json\/wp\/v2\/types\/page"}],"author":[{"embeddable":true,"href":"https:\/\/ministeredelacouture.com\/fr\/wp-json\/wp\/v2\/users\/1"}],"replies":[{"embeddable":true,"href":"https:\/\/ministeredelacouture.com\/fr\/wp-json\/wp\/v2\/comments?post=29268"}],"version-history":[{"count":21,"href":"https:\/\/ministeredelacouture.com\/fr\/wp-json\/wp\/v2\/pages\/29268\/revisions"}],"predecessor-version":[{"id":29773,"href":"https:\/\/ministeredelacouture.com\/fr\/wp-json\/wp\/v2\/pages\/29268\/revisions\/29773"}],"wp:attachment":[{"href":"https:\/\/ministeredelacouture.com\/fr\/wp-json\/wp\/v2\/media?parent=29268"}],"curies":[{"name":"wp","href":"https:\/\/api.w.org\/{rel}","templated":true}]}}