{"id":29213,"date":"2025-01-18T21:10:21","date_gmt":"2025-01-18T20:10:21","guid":{"rendered":"https:\/\/ministeredelacouture.com\/?page_id=29213"},"modified":"2025-08-13T16:21:53","modified_gmt":"2025-08-13T14:21:53","slug":"cours-de-couture","status":"publish","type":"page","link":"https:\/\/ministeredelacouture.com\/fr\/cours-de-couture\/","title":{"rendered":"Cours de couture"},"content":{"rendered":"\n<h2 class=\"wp-block-heading\">Apprendre \u00e0 coudre un v\u00eatement ou un accessoire<\/h2>\n\n\n\n<p>Prendre des cours de couture, c&rsquo;est se faire le cadeau d&rsquo;apprendre les techniques de base pour ma\u00eetriser sa machine, r\u00e9gler les probl\u00e8mes les plus fr\u00e9quents et avancer plus vite dans ses projets.<\/p>\n\n\n\n<p>Pour vous accompagner de la fa\u00e7on la plus personnalis\u00e9e possible, je vous propose plusieurs types d&rsquo;accompagnement :<\/p>\n\n\n\n<div class=\"wp-block-group is-layout-grid wp-container-core-group-is-layout-88c98fc8 wp-block-group-is-layout-grid\">\n<div class=\"wp-block-group is-layout-constrained wp-block-group-is-layout-constrained\">\n<div class=\"wp-block-group is-layout-constrained wp-block-group-is-layout-constrained\">\n<figure class=\"wp-block-image size-full is-resized\"><img decoding=\"async\" width=\"1000\" height=\"1000\" data-src=\"https:\/\/ministeredelacouture.com\/wp-content\/uploads\/2025\/08\/placeholder.jpg\" alt=\"\" class=\"wp-image-29694 lazyload\" style=\"--smush-placeholder-width: 1000px; --smush-placeholder-aspect-ratio: 1000\/1000;width:213px;height:auto\" data-srcset=\"https:\/\/ministeredelacouture.com\/wp-content\/uploads\/2025\/08\/placeholder.jpg 1000w, https:\/\/ministeredelacouture.com\/wp-content\/uploads\/2025\/08\/placeholder-300x300.jpg 300w, https:\/\/ministeredelacouture.com\/wp-content\/uploads\/2025\/08\/placeholder-150x150.jpg 150w, https:\/\/ministeredelacouture.com\/wp-content\/uploads\/2025\/08\/placeholder-768x768.jpg 768w, https:\/\/ministeredelacouture.com\/wp-content\/uploads\/2025\/08\/placeholder-12x12.jpg 12w\" data-sizes=\"(max-width: 1000px) 100vw, 1000px\" src=\"data:image\/svg+xml;base64,PHN2ZyB3aWR0aD0iMSIgaGVpZ2h0PSIxIiB4bWxucz0iaHR0cDovL3d3dy53My5vcmcvMjAwMC9zdmciPjwvc3ZnPg==\" \/><\/figure>\n\n\n\n<h3 class=\"wp-block-heading\">Cours de groupe trimestriel<\/h3>\n\n\n\n<ul class=\"wp-block-list\">\n<li>5 \u00e9l\u00e8ves par groupe<\/li>\n\n\n\n<li>Dur\u00e9e : 2h par cours<\/li>\n<\/ul>\n\n\n\n<div class=\"wp-block-buttons is-layout-flex wp-block-buttons-is-layout-flex\">\n<div class=\"wp-block-button\"><a class=\"wp-block-button__link wp-element-button\" href=\"mailto:hello@ministeredelacouture.com\">En savoir plus<\/a><\/div>\n<\/div>\n<\/div>\n<\/div>\n\n\n\n<div class=\"wp-block-group wp-container-content-79286276 is-layout-constrained wp-block-group-is-layout-constrained\">\n<div class=\"wp-block-group is-layout-constrained wp-block-group-is-layout-constrained\">\n<figure class=\"wp-block-image size-full is-resized\"><img decoding=\"async\" width=\"1000\" height=\"1000\" data-src=\"https:\/\/ministeredelacouture.com\/wp-content\/uploads\/2025\/08\/placeholder.jpg\" alt=\"\" class=\"wp-image-29694 lazyload\" style=\"--smush-placeholder-width: 1000px; --smush-placeholder-aspect-ratio: 1000\/1000;width:213px;height:auto\" data-srcset=\"https:\/\/ministeredelacouture.com\/wp-content\/uploads\/2025\/08\/placeholder.jpg 1000w, https:\/\/ministeredelacouture.com\/wp-content\/uploads\/2025\/08\/placeholder-300x300.jpg 300w, https:\/\/ministeredelacouture.com\/wp-content\/uploads\/2025\/08\/placeholder-150x150.jpg 150w, https:\/\/ministeredelacouture.com\/wp-content\/uploads\/2025\/08\/placeholder-768x768.jpg 768w, https:\/\/ministeredelacouture.com\/wp-content\/uploads\/2025\/08\/placeholder-12x12.jpg 12w\" data-sizes=\"(max-width: 1000px) 100vw, 1000px\" src=\"data:image\/svg+xml;base64,PHN2ZyB3aWR0aD0iMSIgaGVpZ2h0PSIxIiB4bWxucz0iaHR0cDovL3d3dy53My5vcmcvMjAwMC9zdmciPjwvc3ZnPg==\" \/><\/figure>\n\n\n\n<h3 class=\"wp-block-heading\">Cours individuel sur demande<\/h3>\n\n\n\n<ul class=\"wp-block-list\">\n<li>Sur demande<\/li>\n\n\n\n<li>Projet libre<\/li>\n\n\n\n<li>Dur\u00e9e : \u00e0 d\u00e9finir selon le projet<\/li>\n<\/ul>\n<\/div>\n\n\n\n<div class=\"wp-block-buttons is-layout-flex wp-block-buttons-is-layout-flex\">\n<div class=\"wp-block-button\"><a class=\"wp-block-button__link wp-element-button\" href=\"mailto:hello@ministeredelacouture.com\">En savoir plus<\/a><\/div>\n<\/div>\n<\/div>\n\n\n\n<div class=\"wp-block-group wp-container-content-79286276 is-layout-constrained wp-block-group-is-layout-constrained\">\n<figure class=\"wp-block-image size-full is-resized\"><img decoding=\"async\" width=\"1000\" height=\"1000\" data-src=\"https:\/\/ministeredelacouture.com\/wp-content\/uploads\/2025\/08\/placeholder.jpg\" alt=\"\" class=\"wp-image-29694 lazyload\" style=\"--smush-placeholder-width: 1000px; --smush-placeholder-aspect-ratio: 1000\/1000;width:213px;height:auto\" data-srcset=\"https:\/\/ministeredelacouture.com\/wp-content\/uploads\/2025\/08\/placeholder.jpg 1000w, https:\/\/ministeredelacouture.com\/wp-content\/uploads\/2025\/08\/placeholder-300x300.jpg 300w, https:\/\/ministeredelacouture.com\/wp-content\/uploads\/2025\/08\/placeholder-150x150.jpg 150w, https:\/\/ministeredelacouture.com\/wp-content\/uploads\/2025\/08\/placeholder-768x768.jpg 768w, https:\/\/ministeredelacouture.com\/wp-content\/uploads\/2025\/08\/placeholder-12x12.jpg 12w\" data-sizes=\"(max-width: 1000px) 100vw, 1000px\" src=\"data:image\/svg+xml;base64,PHN2ZyB3aWR0aD0iMSIgaGVpZ2h0PSIxIiB4bWxucz0iaHR0cDovL3d3dy53My5vcmcvMjAwMC9zdmciPjwvc3ZnPg==\" \/><\/figure>\n\n\n\n<h3 class=\"wp-block-heading\">Cours de groupe \u00e0 la demande<\/h3>\n\n\n\n<ul class=\"wp-block-list\">\n<li>Sur demande, \u00e0 partir de 2 participants<\/li>\n\n\n\n<li>Projet libre<\/li>\n\n\n\n<li>Dur\u00e9e : \u00e0 d\u00e9finir selon le projet<\/li>\n<\/ul>\n\n\n\n<div class=\"wp-block-buttons is-layout-flex wp-block-buttons-is-layout-flex\">\n<div class=\"wp-block-button\"><a class=\"wp-block-button__link wp-element-button\" href=\"mailto:hello@ministeredelacouture.com\">En savoir plus<\/a><\/div>\n<\/div>\n<\/div>\n<\/div>\n\n\n\n<div class=\"wp-block-group is-layout-grid wp-container-core-group-is-layout-88c98fc8 wp-block-group-is-layout-grid\">\n<div class=\"wp-block-group wp-container-content-79286276 is-layout-constrained wp-block-group-is-layout-constrained\">\n<div class=\"wp-block-group is-layout-constrained wp-block-group-is-layout-constrained\">\n<figure class=\"wp-block-image size-full is-resized\"><img decoding=\"async\" width=\"1000\" height=\"1000\" data-src=\"https:\/\/ministeredelacouture.com\/wp-content\/uploads\/2025\/08\/placeholder.jpg\" alt=\"\" class=\"wp-image-29694 lazyload\" style=\"--smush-placeholder-width: 1000px; --smush-placeholder-aspect-ratio: 1000\/1000;width:213px;height:auto\" data-srcset=\"https:\/\/ministeredelacouture.com\/wp-content\/uploads\/2025\/08\/placeholder.jpg 1000w, https:\/\/ministeredelacouture.com\/wp-content\/uploads\/2025\/08\/placeholder-300x300.jpg 300w, https:\/\/ministeredelacouture.com\/wp-content\/uploads\/2025\/08\/placeholder-150x150.jpg 150w, https:\/\/ministeredelacouture.com\/wp-content\/uploads\/2025\/08\/placeholder-768x768.jpg 768w, https:\/\/ministeredelacouture.com\/wp-content\/uploads\/2025\/08\/placeholder-12x12.jpg 12w\" data-sizes=\"(max-width: 1000px) 100vw, 1000px\" src=\"data:image\/svg+xml;base64,PHN2ZyB3aWR0aD0iMSIgaGVpZ2h0PSIxIiB4bWxucz0iaHR0cDovL3d3dy53My5vcmcvMjAwMC9zdmciPjwvc3ZnPg==\" \/><\/figure>\n\n\n\n<h3 class=\"wp-block-heading\">Ateliers th\u00e9matiques<\/h3>\n\n\n\n<ul class=\"wp-block-list\">\n<li>Une fois pas mois<\/li>\n\n\n\n<li>Projet : introduction \u00e0 une technique textile  diff\u00e9rente chaque mois<\/li>\n\n\n\n<li>Dur\u00e9e : 3h<\/li>\n<\/ul>\n<\/div>\n\n\n\n<div class=\"wp-block-buttons is-layout-flex wp-block-buttons-is-layout-flex\">\n<div class=\"wp-block-button\"><a class=\"wp-block-button__link wp-element-button\" href=\"mailto:hello@ministeredelacouture.com\">En savoir plus<\/a><\/div>\n<\/div>\n<\/div>\n\n\n\n<div class=\"wp-block-group wp-container-content-79286276 is-layout-constrained wp-block-group-is-layout-constrained\">\n<div class=\"wp-block-group is-layout-constrained wp-block-group-is-layout-constrained\">\n<figure class=\"wp-block-image size-full is-resized\"><img decoding=\"async\" width=\"1000\" height=\"1000\" data-src=\"https:\/\/ministeredelacouture.com\/wp-content\/uploads\/2025\/08\/placeholder.jpg\" alt=\"\" class=\"wp-image-29694 lazyload\" style=\"--smush-placeholder-width: 1000px; --smush-placeholder-aspect-ratio: 1000\/1000;width:213px;height:auto\" data-srcset=\"https:\/\/ministeredelacouture.com\/wp-content\/uploads\/2025\/08\/placeholder.jpg 1000w, https:\/\/ministeredelacouture.com\/wp-content\/uploads\/2025\/08\/placeholder-300x300.jpg 300w, https:\/\/ministeredelacouture.com\/wp-content\/uploads\/2025\/08\/placeholder-150x150.jpg 150w, https:\/\/ministeredelacouture.com\/wp-content\/uploads\/2025\/08\/placeholder-768x768.jpg 768w, https:\/\/ministeredelacouture.com\/wp-content\/uploads\/2025\/08\/placeholder-12x12.jpg 12w\" data-sizes=\"(max-width: 1000px) 100vw, 1000px\" src=\"data:image\/svg+xml;base64,PHN2ZyB3aWR0aD0iMSIgaGVpZ2h0PSIxIiB4bWxucz0iaHR0cDovL3d3dy53My5vcmcvMjAwMC9zdmciPjwvc3ZnPg==\" \/><\/figure>\n\n\n\n<h3 class=\"wp-block-heading\">Prise en main de votre machine \u00e0 coudre<\/h3>\n\n\n\n<p>Parfait pour apprendre \u00e0 r\u00e9gler et ma\u00eetriser sa machine \u00e0 coudre rapidement.<\/p>\n\n\n\n<ul class=\"wp-block-list\">\n<li>Sur demande <\/li>\n\n\n\n<li>Dur\u00e9e : 1h<\/li>\n<\/ul>\n<\/div>\n\n\n\n<div class=\"wp-block-buttons is-layout-flex wp-block-buttons-is-layout-flex\">\n<div class=\"wp-block-button\"><a class=\"wp-block-button__link wp-element-button\" href=\"mailto:hello@ministeredelacouture.com\">En savoir plus<\/a><\/div>\n<\/div>\n<\/div>\n\n\n\n<p><\/p>\n<\/div>\n","protected":false},"excerpt":{"rendered":"<p>Apprendre \u00e0 coudre un v\u00eatement ou un accessoire Prendre des cours de couture, c&rsquo;est se faire le cadeau d&rsquo;apprendre les [&hellip;]<\/p>\n","protected":false},"author":1,"featured_media":0,"parent":0,"menu_order":0,"comment_status":"closed","ping_status":"closed","template":"","meta":{"_exactmetrics_skip_tracking":false,"_exactmetrics_sitenote_active":false,"_exactmetrics_sitenote_note":"","_exactmetrics_sitenote_category":0,"site-sidebar-layout":"default","site-content-layout":"","ast-site-content-layout":"default","site-content-style":"default","site-sidebar-style":"default","ast-global-header-display":"","ast-banner-title-visibility":"","ast-main-header-display":"","ast-hfb-above-header-display":"","ast-hfb-below-header-display":"","ast-hfb-mobile-header-display":"","site-post-title":"","ast-breadcrumbs-content":"","ast-featured-img":"","footer-sml-layout":"","theme-transparent-header-meta":"","adv-header-id-meta":"","stick-header-meta":"","header-above-stick-meta":"","header-main-stick-meta":"","header-below-stick-meta":"","astra-migrate-meta-layouts":"default","ast-page-background-enabled":"default","ast-page-background-meta":{"desktop":{"background-color":"var(--ast-global-color-5)","background-image":"","background-repeat":"repeat","background-position":"center center","background-size":"auto","background-attachment":"scroll","background-type":"","background-media":"","overlay-type":"","overlay-color":"","overlay-opacity":"","overlay-gradient":""},"tablet":{"background-color":"","background-image":"","background-repeat":"repeat","background-position":"center center","background-size":"auto","background-attachment":"scroll","background-type":"","background-media":"","overlay-type":"","overlay-color":"","overlay-opacity":"","overlay-gradient":""},"mobile":{"background-color":"","background-image":"","background-repeat":"repeat","background-position":"center center","background-size":"auto","background-attachment":"scroll","background-type":"","background-media":"","overlay-type":"","overlay-color":"","overlay-opacity":"","overlay-gradient":""}},"ast-content-background-meta":{"desktop":{"background-color":"var(--ast-global-color-4)","background-image":"","background-repeat":"repeat","background-position":"center center","background-size":"auto","background-attachment":"scroll","background-type":"","background-media":"","overlay-type":"","overlay-color":"","overlay-opacity":"","overlay-gradient":""},"tablet":{"background-color":"var(--ast-global-color-4)","background-image":"","background-repeat":"repeat","background-position":"center center","background-size":"auto","background-attachment":"scroll","background-type":"","background-media":"","overlay-type":"","overlay-color":"","overlay-opacity":"","overlay-gradient":""},"mobile":{"background-color":"var(--ast-global-color-4)","background-image":"","background-repeat":"repeat","background-position":"center center","background-size":"auto","background-attachment":"scroll","background-type":"","background-media":"","overlay-type":"","overlay-color":"","overlay-opacity":"","overlay-gradient":""}},"footnotes":""},"class_list":["post-29213","page","type-page","status-publish","hentry"],"yoast_head":"<!-- This site is optimized with the Yoast SEO plugin v25.5 - https:\/\/yoast.com\/wordpress\/plugins\/seo\/ -->\n<title>Cours de couture -<\/title>\n<meta name=\"robots\" content=\"index, follow, max-snippet:-1, max-image-preview:large, max-video-preview:-1\" \/>\n<link rel=\"canonical\" href=\"https:\/\/ministeredelacouture.com\/fr\/cours-de-couture\/\" \/>\n<meta property=\"og:locale\" content=\"fr_FR\" \/>\n<meta property=\"og:type\" content=\"article\" \/>\n<meta property=\"og:title\" content=\"Cours de couture -\" \/>\n<meta property=\"og:description\" content=\"Apprendre \u00e0 coudre un v\u00eatement ou un accessoire Prendre des cours de couture, c&rsquo;est se faire le cadeau d&rsquo;apprendre les [&hellip;]\" \/>\n<meta property=\"og:url\" content=\"https:\/\/ministeredelacouture.com\/fr\/cours-de-couture\/\" \/>\n<meta property=\"article:publisher\" content=\"https:\/\/www.facebook.com\/profile.php?id=61566606524712\" \/>\n<meta property=\"article:modified_time\" content=\"2025-08-13T14:21:53+00:00\" \/>\n<meta property=\"og:image\" content=\"https:\/\/ministeredelacouture.com\/wp-content\/uploads\/2025\/08\/placeholder.jpg\" \/>\n\t<meta property=\"og:image:width\" content=\"1000\" \/>\n\t<meta property=\"og:image:height\" content=\"1000\" \/>\n\t<meta property=\"og:image:type\" content=\"image\/jpeg\" \/>\n<meta name=\"twitter:card\" content=\"summary_large_image\" \/>\n<meta name=\"twitter:label1\" content=\"Dur\u00e9e de lecture estim\u00e9e\" \/>\n\t<meta name=\"twitter:data1\" content=\"2 minutes\" \/>\n<script type=\"application\/ld+json\" class=\"yoast-schema-graph\">{\"@context\":\"https:\/\/schema.org\",\"@graph\":[{\"@type\":\"WebPage\",\"@id\":\"https:\/\/ministeredelacouture.com\/cours-de-couture\/\",\"url\":\"https:\/\/ministeredelacouture.com\/cours-de-couture\/\",\"name\":\"Cours de couture -\",\"isPartOf\":{\"@id\":\"https:\/\/ministeredelacouture.com\/#website\"},\"primaryImageOfPage\":{\"@id\":\"https:\/\/ministeredelacouture.com\/cours-de-couture\/#primaryimage\"},\"image\":{\"@id\":\"https:\/\/ministeredelacouture.com\/cours-de-couture\/#primaryimage\"},\"thumbnailUrl\":\"https:\/\/ministeredelacouture.com\/wp-content\/uploads\/2025\/08\/placeholder.jpg\",\"datePublished\":\"2025-01-18T20:10:21+00:00\",\"dateModified\":\"2025-08-13T14:21:53+00:00\",\"breadcrumb\":{\"@id\":\"https:\/\/ministeredelacouture.com\/cours-de-couture\/#breadcrumb\"},\"inLanguage\":\"fr-FR\",\"potentialAction\":[{\"@type\":\"ReadAction\",\"target\":[\"https:\/\/ministeredelacouture.com\/cours-de-couture\/\"]}]},{\"@type\":\"ImageObject\",\"inLanguage\":\"fr-FR\",\"@id\":\"https:\/\/ministeredelacouture.com\/cours-de-couture\/#primaryimage\",\"url\":\"https:\/\/ministeredelacouture.com\/wp-content\/uploads\/2025\/08\/placeholder.jpg\",\"contentUrl\":\"https:\/\/ministeredelacouture.com\/wp-content\/uploads\/2025\/08\/placeholder.jpg\"},{\"@type\":\"BreadcrumbList\",\"@id\":\"https:\/\/ministeredelacouture.com\/cours-de-couture\/#breadcrumb\",\"itemListElement\":[{\"@type\":\"ListItem\",\"position\":1,\"name\":\"Accueil\",\"item\":\"https:\/\/ministeredelacouture.com\/\"},{\"@type\":\"ListItem\",\"position\":2,\"name\":\"Cours de couture\"}]},{\"@type\":\"WebSite\",\"@id\":\"https:\/\/ministeredelacouture.com\/#website\",\"url\":\"https:\/\/ministeredelacouture.com\/\",\"name\":\"Minist\u00e8re de la couture\",\"description\":\"Repensez sa relation avec ses v\u00eatements\",\"publisher\":{\"@id\":\"https:\/\/ministeredelacouture.com\/#organization\"},\"potentialAction\":[{\"@type\":\"SearchAction\",\"target\":{\"@type\":\"EntryPoint\",\"urlTemplate\":\"https:\/\/ministeredelacouture.com\/?s={search_term_string}\"},\"query-input\":{\"@type\":\"PropertyValueSpecification\",\"valueRequired\":true,\"valueName\":\"search_term_string\"}}],\"inLanguage\":\"fr-FR\"},{\"@type\":\"Organization\",\"@id\":\"https:\/\/ministeredelacouture.com\/#organization\",\"name\":\"Minist\u00e8re de la couture\",\"url\":\"https:\/\/ministeredelacouture.com\/\",\"logo\":{\"@type\":\"ImageObject\",\"inLanguage\":\"fr-FR\",\"@id\":\"https:\/\/ministeredelacouture.com\/#\/schema\/logo\/image\/\",\"url\":\"https:\/\/i0.wp.com\/ministeredelacouture.com\/wp-content\/uploads\/2024\/10\/ministeredelacouture_site-2.png?fit=760%2C470&ssl=1\",\"contentUrl\":\"https:\/\/i0.wp.com\/ministeredelacouture.com\/wp-content\/uploads\/2024\/10\/ministeredelacouture_site-2.png?fit=760%2C470&ssl=1\",\"width\":760,\"height\":470,\"caption\":\"Minist\u00e8re de la couture\"},\"image\":{\"@id\":\"https:\/\/ministeredelacouture.com\/#\/schema\/logo\/image\/\"},\"sameAs\":[\"https:\/\/www.facebook.com\/profile.php?id=61566606524712\",\"https:\/\/www.instagram.com\/ministeredelacouture\/\"]}]}<\/script>\n<!-- \/ Yoast SEO plugin. -->","yoast_head_json":{"title":"Cours de couture -","robots":{"index":"index","follow":"follow","max-snippet":"max-snippet:-1","max-image-preview":"max-image-preview:large","max-video-preview":"max-video-preview:-1"},"canonical":"https:\/\/ministeredelacouture.com\/fr\/cours-de-couture\/","og_locale":"fr_FR","og_type":"article","og_title":"Cours de couture -","og_description":"Apprendre \u00e0 coudre un v\u00eatement ou un accessoire Prendre des cours de couture, c&rsquo;est se faire le cadeau d&rsquo;apprendre les [&hellip;]","og_url":"https:\/\/ministeredelacouture.com\/fr\/cours-de-couture\/","article_publisher":"https:\/\/www.facebook.com\/profile.php?id=61566606524712","article_modified_time":"2025-08-13T14:21:53+00:00","og_image":[{"width":1000,"height":1000,"url":"https:\/\/ministeredelacouture.com\/wp-content\/uploads\/2025\/08\/placeholder.jpg","type":"image\/jpeg"}],"twitter_card":"summary_large_image","twitter_misc":{"Dur\u00e9e de lecture estim\u00e9e":"2 minutes"},"schema":{"@context":"https:\/\/schema.org","@graph":[{"@type":"WebPage","@id":"https:\/\/ministeredelacouture.com\/cours-de-couture\/","url":"https:\/\/ministeredelacouture.com\/cours-de-couture\/","name":"Cours de couture -","isPartOf":{"@id":"https:\/\/ministeredelacouture.com\/#website"},"primaryImageOfPage":{"@id":"https:\/\/ministeredelacouture.com\/cours-de-couture\/#primaryimage"},"image":{"@id":"https:\/\/ministeredelacouture.com\/cours-de-couture\/#primaryimage"},"thumbnailUrl":"https:\/\/ministeredelacouture.com\/wp-content\/uploads\/2025\/08\/placeholder.jpg","datePublished":"2025-01-18T20:10:21+00:00","dateModified":"2025-08-13T14:21:53+00:00","breadcrumb":{"@id":"https:\/\/ministeredelacouture.com\/cours-de-couture\/#breadcrumb"},"inLanguage":"fr-FR","potentialAction":[{"@type":"ReadAction","target":["https:\/\/ministeredelacouture.com\/cours-de-couture\/"]}]},{"@type":"ImageObject","inLanguage":"fr-FR","@id":"https:\/\/ministeredelacouture.com\/cours-de-couture\/#primaryimage","url":"https:\/\/ministeredelacouture.com\/wp-content\/uploads\/2025\/08\/placeholder.jpg","contentUrl":"https:\/\/ministeredelacouture.com\/wp-content\/uploads\/2025\/08\/placeholder.jpg"},{"@type":"BreadcrumbList","@id":"https:\/\/ministeredelacouture.com\/cours-de-couture\/#breadcrumb","itemListElement":[{"@type":"ListItem","position":1,"name":"Accueil","item":"https:\/\/ministeredelacouture.com\/"},{"@type":"ListItem","position":2,"name":"Cours de couture"}]},{"@type":"WebSite","@id":"https:\/\/ministeredelacouture.com\/#website","url":"https:\/\/ministeredelacouture.com\/","name":"Minist\u00e8re de la couture","description":"Repensez sa relation avec ses v\u00eatements","publisher":{"@id":"https:\/\/ministeredelacouture.com\/#organization"},"potentialAction":[{"@type":"SearchAction","target":{"@type":"EntryPoint","urlTemplate":"https:\/\/ministeredelacouture.com\/?s={search_term_string}"},"query-input":{"@type":"PropertyValueSpecification","valueRequired":true,"valueName":"search_term_string"}}],"inLanguage":"fr-FR"},{"@type":"Organization","@id":"https:\/\/ministeredelacouture.com\/#organization","name":"Minist\u00e8re de la couture","url":"https:\/\/ministeredelacouture.com\/","logo":{"@type":"ImageObject","inLanguage":"fr-FR","@id":"https:\/\/ministeredelacouture.com\/#\/schema\/logo\/image\/","url":"https:\/\/i0.wp.com\/ministeredelacouture.com\/wp-content\/uploads\/2024\/10\/ministeredelacouture_site-2.png?fit=760%2C470&ssl=1","contentUrl":"https:\/\/i0.wp.com\/ministeredelacouture.com\/wp-content\/uploads\/2024\/10\/ministeredelacouture_site-2.png?fit=760%2C470&ssl=1","width":760,"height":470,"caption":"Minist\u00e8re de la couture"},"image":{"@id":"https:\/\/ministeredelacouture.com\/#\/schema\/logo\/image\/"},"sameAs":["https:\/\/www.facebook.com\/profile.php?id=61566606524712","https:\/\/www.instagram.com\/ministeredelacouture\/"]}]}},"_links":{"self":[{"href":"https:\/\/ministeredelacouture.com\/fr\/wp-json\/wp\/v2\/pages\/29213","targetHints":{"allow":["GET"]}}],"collection":[{"href":"https:\/\/ministeredelacouture.com\/fr\/wp-json\/wp\/v2\/pages"}],"about":[{"href":"https:\/\/ministeredelacouture.com\/fr\/wp-json\/wp\/v2\/types\/page"}],"author":[{"embeddable":true,"href":"https:\/\/ministeredelacouture.com\/fr\/wp-json\/wp\/v2\/users\/1"}],"replies":[{"embeddable":true,"href":"https:\/\/ministeredelacouture.com\/fr\/wp-json\/wp\/v2\/comments?post=29213"}],"version-history":[{"count":14,"href":"https:\/\/ministeredelacouture.com\/fr\/wp-json\/wp\/v2\/pages\/29213\/revisions"}],"predecessor-version":[{"id":29751,"href":"https:\/\/ministeredelacouture.com\/fr\/wp-json\/wp\/v2\/pages\/29213\/revisions\/29751"}],"wp:attachment":[{"href":"https:\/\/ministeredelacouture.com\/fr\/wp-json\/wp\/v2\/media?parent=29213"}],"curies":[{"name":"wp","href":"https:\/\/api.w.org\/{rel}","templated":true}]}}