{"id":29206,"date":"2024-10-24T03:02:56","date_gmt":"2024-10-24T01:02:56","guid":{"rendered":"https:\/\/ministeredelacouture.com\/?page_id=29206"},"modified":"2025-08-13T16:20:12","modified_gmt":"2025-08-13T14:20:12","slug":"retouches-et-reparations","status":"publish","type":"page","link":"https:\/\/ministeredelacouture.com\/en\/retouches-et-reparations\/","title":{"rendered":"Alterations &amp; Repairs"},"content":{"rendered":"<p>Some pieces catch our eye at first glance, while others are so cherished that we never want to part with them. At the Ministere de la Couture, we understand this sentimental value and are committed to:<\/p>\n\n\n\n<ul class=\"wp-block-list\">\n<li>Ensuring your clothes fit you perfectly;<\/li>\n\n\n\n<li>Extending the life of your garments as long as possible.<\/li>\n<\/ul>\n\n\n\n<blockquote class=\"wp-block-quote is-layout-flow wp-block-quote-is-layout-flow\">\n<p class=\"has-medium-font-size\" style=\"margin-top:var(--wp--preset--spacing--60);margin-right:var(--wp--preset--spacing--80);margin-bottom:var(--wp--preset--spacing--60);margin-left:var(--wp--preset--spacing--80)\">Contrairement \u00e0 un atelier traditionnel, Minist\u00e8re de la Couture vous explique chaque \u00e9tape du processus de retouche, du d\u00e9but \u00e0 la fin. Ainsi, aucune surprise lorsque vous r\u00e9cup\u00e9rez votre v\u00eatement.<\/p>\n<\/blockquote>\n\n\n\n<p>Liste des retouches classiques que je r\u00e9alise.<\/p>\n\n\n\n<p><em>Si vous ne trouvez pas la retouche dont vous avez besoin, <a href=\"https:\/\/www.notion.so\/contact\/\">contactez-moi<\/a> afin de savoir comment je pourrais vous aider.<\/em><\/p>\n\n\n\n<p>Turnaround time:<strong> 5 business days<\/strong><\/p>\n\n\n\n<div style=\"height:24px\" aria-hidden=\"true\" class=\"wp-block-spacer\"><\/div>\n\n\n<p><!-- Tableau pour Retouches de v\u00eatements --><\/p>\n<table border=\"1\" cellspacing=\"0\" cellpadding=\"10\">\n<tbody>\n<tr>\n<td colspan=\"2\"><strong>Clothing Alterations<\/strong><\/td>\n<\/tr>\n<tr>\n<td>Simple Hem (pants, skirt, dress)<\/td>\n<td>\u00a0<\/td>\n<\/tr>\n<tr>\n<td>Hem with Lining<\/td>\n<td>\u00a0<\/td>\n<\/tr>\n<tr>\n<td>Waist Adjustment (pants, skirt)<\/td>\n<td>\u00a0<\/td>\n<\/tr>\n<tr>\n<td>Sleeve Shortening (jacket, coat)<\/td>\n<td>\u00a0<\/td>\n<\/tr>\n<tr>\n<td>Shoulder Adjustment<\/td>\n<td>\u00a0<\/td>\n<\/tr>\n<tr>\n<td>Zipper Replacement (pants, skirt, dress)<\/td>\n<td>\u00a0<\/td>\n<\/tr>\n<tr>\n<td>Adding Lining<\/td>\n<td>\u00a0<\/td>\n<\/tr>\n<tr>\n<td>Removing Lining<\/td>\n<td>\u00a0<\/td>\n<\/tr>\n<tr>\n<td>Seam Repair<\/td>\n<td>\u00a0<\/td>\n<\/tr>\n<tr>\n<td>Dress Adjustment (taking in or letting out)<\/td>\n<td>\u00a0<\/td>\n<\/tr>\n<\/tbody>\n<\/table>\n<p><!-- Espacement de 24px --><\/p>\n<div style=\"height: 24px;\">\u00a0<\/div>\n<p><!-- Tableau pour Retouches d'accessoires --><\/p>\n<table border=\"1\" cellspacing=\"0\" cellpadding=\"10\">\n<tbody>\n<tr>\n<td colspan=\"2\"><strong>Accessory Alterations<\/strong><\/td>\n<\/tr>\n<tr>\n<td>Adding Glove Lining<\/td>\n<td>\u00a0<\/td>\n<\/tr>\n<tr>\n<td>Shortening or Lengthening a Belt<\/td>\n<td>\u00a0<\/td>\n<\/tr>\n<tr>\n<td>Bag Repairs (straps, zippers, seams)<\/td>\n<td>\u00a0<\/td>\n<\/tr>\n<tr>\n<td>Button Attachment or Replacement<\/td>\n<td>\u00a0<\/td>\n<\/tr>\n<\/tbody>\n<\/table>\n<p><!-- Espacement de 24px --><\/p>\n<div style=\"height: 24px;\">\u00a0<\/div>\n<p><!-- Tableau pour Autres retouches possibles --><\/p>\n<table border=\"1\" cellspacing=\"0\" cellpadding=\"10\">\n<tbody>\n<tr>\n<td colspan=\"2\"><strong>Other Possible Alterations<\/strong><\/td>\n<\/tr>\n<tr>\n<td>Garment Transformation (e.g., skirt into dress, pants into shorts)<\/td>\n<td>\u00a0<\/td>\n<\/tr>\n<tr>\n<td>Coat or Jacket Shortening<\/td>\n<td>\u00a0<\/td>\n<\/tr>\n<tr>\n<td>Curtain Shortening<\/td>\n<td>\u00a0<\/td>\n<\/tr>\n<\/tbody>\n<\/table>\n\n\n<div style=\"height:40px\" aria-hidden=\"true\" class=\"wp-block-spacer\"><\/div>\n\n\n\n<div class=\"wp-block-cover is-repeated\"><div class=\"wp-block-cover__image-background wp-image-29246 is-repeated lazyload\" style=\"background-position:58% 72%;background-image:inherit\" data-bg-image=\"url(https:\/\/ministeredelacouture.com\/wp-content\/uploads\/2024\/10\/couturiere_qui_coud.jpg)\"><\/div><span aria-hidden=\"true\" class=\"wp-block-cover__background has-black-background-color has-background-dim-80 has-background-dim\"><\/span><div class=\"wp-block-cover__inner-container is-layout-constrained wp-block-cover-is-layout-constrained\">\n<h3 class=\"wp-block-heading has-text-align-center has-ast-global-color-4-color has-text-color has-background has-link-color has-large-font-size wp-elements-35fb6b5c184663085eb746510e9a642f\" style=\"background-color:#00000000\">Vous ne trouvez pas la retouche ou la r\u00e9paration qui correspond \u00e0 votre cas?<\/h3>\n\n\n\n<p class=\"has-text-align-center has-ast-global-color-4-color has-text-color has-background has-link-color wp-elements-87253b6432f01f049ee15b5244a473bd\" style=\"background-color:#00000000;padding-right:var(--wp--preset--spacing--80);padding-left:var(--wp--preset--spacing--80)\">Il existe une multitude de retouches et de r\u00e9parations possibles. Si le service dont vous avez besoin n&rsquo;appara\u00eet pas ici, envoyez-moi un message avec votre demande, et je serais ravie de vous aider.<\/p>\n\n\n\n<div class=\"wp-block-buttons is-content-justification-center is-layout-flex wp-container-core-buttons-is-layout-a89b3969 wp-block-buttons-is-layout-flex\">\n<div class=\"wp-block-button is-style-fill\"><a class=\"wp-block-button__link has-ast-global-color-1-background-color has-background wp-element-button\" href=\"\/en\/contact\/\">Contactez-moi aujourd&rsquo;hui<\/a><\/div>\n<\/div>\n<\/div><\/div>\n\n\n\n<p><\/p>","protected":false},"excerpt":{"rendered":"<p>Certaines pi\u00e8ces nous font craquer d\u00e8s le premier regard, et d&rsquo;autres sont si pr\u00e9cieuses \u00e0 nos yeux qu&rsquo;on ne veut [&hellip;]<\/p>","protected":false},"author":1,"featured_media":0,"parent":0,"menu_order":0,"comment_status":"closed","ping_status":"closed","template":"","meta":{"_exactmetrics_skip_tracking":false,"_exactmetrics_sitenote_active":false,"_exactmetrics_sitenote_note":"","_exactmetrics_sitenote_category":0,"site-sidebar-layout":"default","site-content-layout":"","ast-site-content-layout":"default","site-content-style":"default","site-sidebar-style":"default","ast-global-header-display":"","ast-banner-title-visibility":"","ast-main-header-display":"","ast-hfb-above-header-display":"","ast-hfb-below-header-display":"","ast-hfb-mobile-header-display":"","site-post-title":"","ast-breadcrumbs-content":"","ast-featured-img":"","footer-sml-layout":"","theme-transparent-header-meta":"","adv-header-id-meta":"","stick-header-meta":"","header-above-stick-meta":"","header-main-stick-meta":"","header-below-stick-meta":"","astra-migrate-meta-layouts":"default","ast-page-background-enabled":"default","ast-page-background-meta":{"desktop":{"background-color":"var(--ast-global-color-5)","background-image":"","background-repeat":"repeat","background-position":"center center","background-size":"auto","background-attachment":"scroll","background-type":"","background-media":"","overlay-type":"","overlay-color":"","overlay-opacity":"","overlay-gradient":""},"tablet":{"background-color":"","background-image":"","background-repeat":"repeat","background-position":"center center","background-size":"auto","background-attachment":"scroll","background-type":"","background-media":"","overlay-type":"","overlay-color":"","overlay-opacity":"","overlay-gradient":""},"mobile":{"background-color":"","background-image":"","background-repeat":"repeat","background-position":"center center","background-size":"auto","background-attachment":"scroll","background-type":"","background-media":"","overlay-type":"","overlay-color":"","overlay-opacity":"","overlay-gradient":""}},"ast-content-background-meta":{"desktop":{"background-color":"var(--ast-global-color-4)","background-image":"","background-repeat":"repeat","background-position":"center center","background-size":"auto","background-attachment":"scroll","background-type":"","background-media":"","overlay-type":"","overlay-color":"","overlay-opacity":"","overlay-gradient":""},"tablet":{"background-color":"var(--ast-global-color-4)","background-image":"","background-repeat":"repeat","background-position":"center center","background-size":"auto","background-attachment":"scroll","background-type":"","background-media":"","overlay-type":"","overlay-color":"","overlay-opacity":"","overlay-gradient":""},"mobile":{"background-color":"var(--ast-global-color-4)","background-image":"","background-repeat":"repeat","background-position":"center center","background-size":"auto","background-attachment":"scroll","background-type":"","background-media":"","overlay-type":"","overlay-color":"","overlay-opacity":"","overlay-gradient":""}},"footnotes":""},"class_list":["post-29206","page","type-page","status-publish","hentry"],"yoast_head":"<!-- This site is optimized with the Yoast SEO plugin v25.5 - https:\/\/yoast.com\/wordpress\/plugins\/seo\/ -->\n<title>Retouches et r\u00e9parations -<\/title>\n<meta name=\"robots\" content=\"index, follow, max-snippet:-1, max-image-preview:large, max-video-preview:-1\" \/>\n<link rel=\"canonical\" href=\"https:\/\/ministeredelacouture.com\/en\/retouches-et-reparations\/\" \/>\n<meta property=\"og:locale\" content=\"en_US\" \/>\n<meta property=\"og:type\" content=\"article\" \/>\n<meta property=\"og:title\" content=\"Retouches et r\u00e9parations -\" \/>\n<meta property=\"og:description\" content=\"Certaines pi\u00e8ces nous font craquer d\u00e8s le premier regard, et d&rsquo;autres sont si pr\u00e9cieuses \u00e0 nos yeux qu&rsquo;on ne veut [&hellip;]\" \/>\n<meta property=\"og:url\" content=\"https:\/\/ministeredelacouture.com\/en\/retouches-et-reparations\/\" \/>\n<meta property=\"article:publisher\" content=\"https:\/\/www.facebook.com\/profile.php?id=61566606524712\" \/>\n<meta property=\"article:modified_time\" content=\"2025-08-13T14:20:12+00:00\" \/>\n<meta name=\"twitter:card\" content=\"summary_large_image\" \/>\n<meta name=\"twitter:label1\" content=\"Est. reading time\" \/>\n\t<meta name=\"twitter:data1\" content=\"2 minutes\" \/>\n<script type=\"application\/ld+json\" class=\"yoast-schema-graph\">{\"@context\":\"https:\/\/schema.org\",\"@graph\":[{\"@type\":\"WebPage\",\"@id\":\"https:\/\/ministeredelacouture.com\/retouches-et-reparations\/\",\"url\":\"https:\/\/ministeredelacouture.com\/retouches-et-reparations\/\",\"name\":\"Retouches et r\u00e9parations -\",\"isPartOf\":{\"@id\":\"https:\/\/ministeredelacouture.com\/#website\"},\"datePublished\":\"2024-10-24T01:02:56+00:00\",\"dateModified\":\"2025-08-13T14:20:12+00:00\",\"breadcrumb\":{\"@id\":\"https:\/\/ministeredelacouture.com\/retouches-et-reparations\/#breadcrumb\"},\"inLanguage\":\"en-CA\",\"potentialAction\":[{\"@type\":\"ReadAction\",\"target\":[\"https:\/\/ministeredelacouture.com\/retouches-et-reparations\/\"]}]},{\"@type\":\"BreadcrumbList\",\"@id\":\"https:\/\/ministeredelacouture.com\/retouches-et-reparations\/#breadcrumb\",\"itemListElement\":[{\"@type\":\"ListItem\",\"position\":1,\"name\":\"Accueil\",\"item\":\"https:\/\/ministeredelacouture.com\/\"},{\"@type\":\"ListItem\",\"position\":2,\"name\":\"Retouches et r\u00e9parations\"}]},{\"@type\":\"WebSite\",\"@id\":\"https:\/\/ministeredelacouture.com\/#website\",\"url\":\"https:\/\/ministeredelacouture.com\/\",\"name\":\"Minist\u00e8re de la couture\",\"description\":\"Repensez sa relation avec ses v\u00eatements\",\"publisher\":{\"@id\":\"https:\/\/ministeredelacouture.com\/#organization\"},\"potentialAction\":[{\"@type\":\"SearchAction\",\"target\":{\"@type\":\"EntryPoint\",\"urlTemplate\":\"https:\/\/ministeredelacouture.com\/?s={search_term_string}\"},\"query-input\":{\"@type\":\"PropertyValueSpecification\",\"valueRequired\":true,\"valueName\":\"search_term_string\"}}],\"inLanguage\":\"en-CA\"},{\"@type\":\"Organization\",\"@id\":\"https:\/\/ministeredelacouture.com\/#organization\",\"name\":\"Minist\u00e8re de la couture\",\"url\":\"https:\/\/ministeredelacouture.com\/\",\"logo\":{\"@type\":\"ImageObject\",\"inLanguage\":\"en-CA\",\"@id\":\"https:\/\/ministeredelacouture.com\/#\/schema\/logo\/image\/\",\"url\":\"https:\/\/i0.wp.com\/ministeredelacouture.com\/wp-content\/uploads\/2024\/10\/ministeredelacouture_site-2.png?fit=760%2C470&ssl=1\",\"contentUrl\":\"https:\/\/i0.wp.com\/ministeredelacouture.com\/wp-content\/uploads\/2024\/10\/ministeredelacouture_site-2.png?fit=760%2C470&ssl=1\",\"width\":760,\"height\":470,\"caption\":\"Minist\u00e8re de la couture\"},\"image\":{\"@id\":\"https:\/\/ministeredelacouture.com\/#\/schema\/logo\/image\/\"},\"sameAs\":[\"https:\/\/www.facebook.com\/profile.php?id=61566606524712\",\"https:\/\/www.instagram.com\/ministeredelacouture\/\"]}]}<\/script>\n<!-- \/ Yoast SEO plugin. -->","yoast_head_json":{"title":"Retouches et r\u00e9parations -","robots":{"index":"index","follow":"follow","max-snippet":"max-snippet:-1","max-image-preview":"max-image-preview:large","max-video-preview":"max-video-preview:-1"},"canonical":"https:\/\/ministeredelacouture.com\/en\/retouches-et-reparations\/","og_locale":"en_US","og_type":"article","og_title":"Retouches et r\u00e9parations -","og_description":"Certaines pi\u00e8ces nous font craquer d\u00e8s le premier regard, et d&rsquo;autres sont si pr\u00e9cieuses \u00e0 nos yeux qu&rsquo;on ne veut [&hellip;]","og_url":"https:\/\/ministeredelacouture.com\/en\/retouches-et-reparations\/","article_publisher":"https:\/\/www.facebook.com\/profile.php?id=61566606524712","article_modified_time":"2025-08-13T14:20:12+00:00","twitter_card":"summary_large_image","twitter_misc":{"Est. reading time":"2 minutes"},"schema":{"@context":"https:\/\/schema.org","@graph":[{"@type":"WebPage","@id":"https:\/\/ministeredelacouture.com\/retouches-et-reparations\/","url":"https:\/\/ministeredelacouture.com\/retouches-et-reparations\/","name":"Retouches et r\u00e9parations -","isPartOf":{"@id":"https:\/\/ministeredelacouture.com\/#website"},"datePublished":"2024-10-24T01:02:56+00:00","dateModified":"2025-08-13T14:20:12+00:00","breadcrumb":{"@id":"https:\/\/ministeredelacouture.com\/retouches-et-reparations\/#breadcrumb"},"inLanguage":"en-CA","potentialAction":[{"@type":"ReadAction","target":["https:\/\/ministeredelacouture.com\/retouches-et-reparations\/"]}]},{"@type":"BreadcrumbList","@id":"https:\/\/ministeredelacouture.com\/retouches-et-reparations\/#breadcrumb","itemListElement":[{"@type":"ListItem","position":1,"name":"Accueil","item":"https:\/\/ministeredelacouture.com\/"},{"@type":"ListItem","position":2,"name":"Retouches et r\u00e9parations"}]},{"@type":"WebSite","@id":"https:\/\/ministeredelacouture.com\/#website","url":"https:\/\/ministeredelacouture.com\/","name":"Minist\u00e8re de la couture","description":"Repensez sa relation avec ses v\u00eatements","publisher":{"@id":"https:\/\/ministeredelacouture.com\/#organization"},"potentialAction":[{"@type":"SearchAction","target":{"@type":"EntryPoint","urlTemplate":"https:\/\/ministeredelacouture.com\/?s={search_term_string}"},"query-input":{"@type":"PropertyValueSpecification","valueRequired":true,"valueName":"search_term_string"}}],"inLanguage":"en-CA"},{"@type":"Organization","@id":"https:\/\/ministeredelacouture.com\/#organization","name":"Minist\u00e8re de la couture","url":"https:\/\/ministeredelacouture.com\/","logo":{"@type":"ImageObject","inLanguage":"en-CA","@id":"https:\/\/ministeredelacouture.com\/#\/schema\/logo\/image\/","url":"https:\/\/i0.wp.com\/ministeredelacouture.com\/wp-content\/uploads\/2024\/10\/ministeredelacouture_site-2.png?fit=760%2C470&ssl=1","contentUrl":"https:\/\/i0.wp.com\/ministeredelacouture.com\/wp-content\/uploads\/2024\/10\/ministeredelacouture_site-2.png?fit=760%2C470&ssl=1","width":760,"height":470,"caption":"Minist\u00e8re de la couture"},"image":{"@id":"https:\/\/ministeredelacouture.com\/#\/schema\/logo\/image\/"},"sameAs":["https:\/\/www.facebook.com\/profile.php?id=61566606524712","https:\/\/www.instagram.com\/ministeredelacouture\/"]}]}},"_links":{"self":[{"href":"https:\/\/ministeredelacouture.com\/en\/wp-json\/wp\/v2\/pages\/29206","targetHints":{"allow":["GET"]}}],"collection":[{"href":"https:\/\/ministeredelacouture.com\/en\/wp-json\/wp\/v2\/pages"}],"about":[{"href":"https:\/\/ministeredelacouture.com\/en\/wp-json\/wp\/v2\/types\/page"}],"author":[{"embeddable":true,"href":"https:\/\/ministeredelacouture.com\/en\/wp-json\/wp\/v2\/users\/1"}],"replies":[{"embeddable":true,"href":"https:\/\/ministeredelacouture.com\/en\/wp-json\/wp\/v2\/comments?post=29206"}],"version-history":[{"count":0,"href":"https:\/\/ministeredelacouture.com\/en\/wp-json\/wp\/v2\/pages\/29206\/revisions"}],"wp:attachment":[{"href":"https:\/\/ministeredelacouture.com\/en\/wp-json\/wp\/v2\/media?parent=29206"}],"curies":[{"name":"wp","href":"https:\/\/api.w.org\/{rel}","templated":true}]}}